{"id":666,"date":"2025-09-16T09:26:41","date_gmt":"2025-09-16T09:26:41","guid":{"rendered":"https:\/\/alljuicemed.com\/?page_id=666"},"modified":"2025-10-03T22:57:21","modified_gmt":"2025-10-03T22:57:21","slug":"politica-de-privacidad","status":"publish","type":"page","link":"https:\/\/alljuicemed.com\/en\/politica-de-privacidad\/","title":{"rendered":"Privacy Policy"},"content":{"rendered":"<div data-elementor-type=\"wp-page\" data-elementor-id=\"666\" class=\"elementor elementor-666\" data-elementor-post-type=\"page\">\n\t\t\t\t<div class=\"elementor-element elementor-element-b8eeede e-flex e-con-boxed e-con e-parent\" data-id=\"b8eeede\" data-element_type=\"container\">\n\t\t\t\t\t<div class=\"e-con-inner\">\n\t\t\t\t<div class=\"elementor-element elementor-element-073fbc0 elementor-widget elementor-widget-text-editor\" data-id=\"073fbc0\" data-element_type=\"widget\" data-widget_type=\"text-editor.default\">\n\t\t\t\t\t\t\t\t\t<p>In <strong>Alljuicemed<\/strong>We take the privacy of our users, clients, and collaborators very seriously. This policy explains how we collect, use, and protect the personal information you provide to us through our website and other communication channels.<\/p>\n<h3>Data Controller<\/h3>\n<ul>\n<li>\n<p><strong>Owner<\/strong>: Alljuicemed<\/p>\n<\/li>\n<li>\n<p><strong>Adress<\/strong>: Muelle Pte., s\/n, 03008 Alicante<\/p>\n<\/li>\n<li>\n<p><strong>Email address<\/strong>: info@alljuicemed.com<\/p>\n<\/li>\n<li>\n<p><strong>Phone<\/strong>: 656 50 88 16<\/p>\n<\/li>\n<\/ul>\n<h3>2. Data We Collect<\/h3>\n<p>We may collect the following personal data:<\/p>\n<ul>\n<li>\n<p>Full name<\/p>\n<\/li>\n<li>\n<p>Email address<\/p>\n<\/li>\n<li>\n<p>Phone number<\/p>\n<\/li>\n<li>\n<p>Browsing information (cookies, IP address, etc.)<\/p>\n<\/li>\n<\/ul>\n<p>This data is collected when you contact us, subscribe to our services, or interact with our website.<\/p>\n<h3>3. Purpose of Data Processing<\/h3>\n<p>We use your data to:<\/p>\n<ul>\n<li>\n<p>Respond to your inquiries<\/p>\n<\/li>\n<li>\n<p>Manage orders or requests<\/p>\n<\/li>\n<li>\n<p>Send communications related to our products or services<\/p>\n<\/li>\n<li>\n<p>Improve the user experience on our website<\/p>\n<\/li>\n<\/ul>\n<h3>4. Legal Basis for Processing<\/h3>\n<p>The processing of your data is based on your consent, the performance of a contract, or compliance with legal obligations.<\/p>\n<h3>5. Recipients<\/h3>\n<p>We do not share your data with third parties, except when required by law or when necessary for the provision of services (for example, technology providers).<\/p>\n<h3>6. User Rights<\/h3>\n<p>You can exercise your rights of access, rectification, cancellation, objection, portability, and restriction of processing by writing to <strong>info@alljuicemed.com<\/strong> or by calling the following number: <strong>656 50 88 16<\/strong>.<\/p>\n<h3>7. Data Retention<\/h3>\n<p>Your data will be retained for as long as necessary to fulfill the purpose for which it was collected, or as long as there is a contractual or legal relationship that requires it.<\/p>\n<h3>8. Security<\/h3>\n<p>We apply technical and organizational measures to ensure the security of your data and prevent unauthorized access, loss, or alteration.<\/p>\t\t\t\t\t\t\t\t<\/div>\n\t\t\t\t\t<\/div>\n\t\t\t\t<\/div>\n\t\t\t\t<\/div>","protected":false},"excerpt":{"rendered":"<p>En Alljuicemed, nos tomamos muy en serio la privacidad de nuestros usuarios, clientes y colaboradores. Esta pol\u00edtica explica c\u00f3mo recopilamos, usamos y protegemos la informaci\u00f3n personal que nos proporcionas a trav\u00e9s de nuestra p\u00e1gina web y otros canales de comunicaci\u00f3n. 1. Responsable del tratamiento Titular: Alljuicemed Direcci\u00f3n: Muelle Pte., s\/n, 03008 Alicante Correo electr\u00f3nico: info@alljuicemed.com [&hellip;]<\/p>","protected":false},"author":1,"featured_media":0,"parent":0,"menu_order":0,"comment_status":"closed","ping_status":"closed","template":"","meta":{"inline_featured_image":false,"_joinchat":[],"footnotes":""},"class_list":["post-666","page","type-page","status-publish","hentry"],"aioseo_notices":[],"_links":{"self":[{"href":"https:\/\/alljuicemed.com\/en\/wp-json\/wp\/v2\/pages\/666","targetHints":{"allow":["GET"]}}],"collection":[{"href":"https:\/\/alljuicemed.com\/en\/wp-json\/wp\/v2\/pages"}],"about":[{"href":"https:\/\/alljuicemed.com\/en\/wp-json\/wp\/v2\/types\/page"}],"author":[{"embeddable":true,"href":"https:\/\/alljuicemed.com\/en\/wp-json\/wp\/v2\/users\/1"}],"replies":[{"embeddable":true,"href":"https:\/\/alljuicemed.com\/en\/wp-json\/wp\/v2\/comments?post=666"}],"version-history":[{"count":10,"href":"https:\/\/alljuicemed.com\/en\/wp-json\/wp\/v2\/pages\/666\/revisions"}],"predecessor-version":[{"id":2329,"href":"https:\/\/alljuicemed.com\/en\/wp-json\/wp\/v2\/pages\/666\/revisions\/2329"}],"wp:attachment":[{"href":"https:\/\/alljuicemed.com\/en\/wp-json\/wp\/v2\/media?parent=666"}],"curies":[{"name":"wp","href":"https:\/\/api.w.org\/{rel}","templated":true}]}}