{"id":70,"date":"2025-09-10T11:09:14","date_gmt":"2025-09-10T11:09:14","guid":{"rendered":"https:\/\/alljuicemed.com\/?page_id=70"},"modified":"2025-12-04T12:16:16","modified_gmt":"2025-12-04T12:16:16","slug":"sobre-nosotros","status":"publish","type":"page","link":"https:\/\/alljuicemed.com\/en\/sobre-nosotros\/","title":{"rendered":"About us"},"content":{"rendered":"<div data-elementor-type=\"wp-page\" data-elementor-id=\"70\" class=\"elementor elementor-70\" data-elementor-post-type=\"page\">\n\t\t\t\t<div class=\"elementor-element elementor-element-d3f32e8 e-flex e-con-boxed e-con e-parent\" data-id=\"d3f32e8\" data-element_type=\"container\">\n\t\t\t\t\t<div class=\"e-con-inner\">\n\t\t\t\t<div class=\"elementor-element elementor-element-de93fca elementor-widget elementor-widget-heading\" data-id=\"de93fca\" data-element_type=\"widget\" data-widget_type=\"heading.default\">\n\t\t\t\t\t<h1 class=\"elementor-heading-title elementor-size-default\">From the countryside to the world<\/h1>\t\t\t\t<\/div>\n\t\t\t\t<div class=\"elementor-element elementor-element-3090034 elementor-widget elementor-widget-heading\" data-id=\"3090034\" data-element_type=\"widget\" data-widget_type=\"heading.default\">\n\t\t\t\t\t<h2 class=\"elementor-heading-title elementor-size-default\">A story of growth and flavor<\/h2>\t\t\t\t<\/div>\n\t\t\t\t\t<\/div>\n\t\t\t\t<\/div>\n\t\t<div class=\"elementor-element elementor-element-5707d47 e-flex e-con-boxed e-con e-parent\" data-id=\"5707d47\" data-element_type=\"container\">\n\t\t\t\t\t<div class=\"e-con-inner\">\n\t\t\t\t<div class=\"elementor-element elementor-element-05dcb4d animated-slow elementor-invisible elementor-widget elementor-widget-heading\" data-id=\"05dcb4d\" data-element_type=\"widget\" data-settings=\"{&quot;_animation&quot;:&quot;fadeInUp&quot;}\" data-widget_type=\"heading.default\">\n\t\t\t\t\t<h2 class=\"elementor-heading-title elementor-size-default\">We care for the environment, we cultivate the future.<\/h2>\t\t\t\t<\/div>\n\t\t\t\t<div class=\"elementor-element elementor-element-f599099 animated-slow elementor-invisible elementor-widget elementor-widget-text-editor\" data-id=\"f599099\" data-element_type=\"widget\" data-settings=\"{&quot;_animation&quot;:&quot;fadeIn&quot;,&quot;_animation_delay&quot;:1000}\" data-widget_type=\"text-editor.default\">\n\t\t\t\t\t\t\t\t\t<p>AJM was born with a clear vision: to transform the best of our land into natural products of international quality. What started as a local project is now a well-established company exporting juices to over 30 countries and 200 clients.<\/p><p>With over 30 years of experience, we have followed a path of constant innovation, continuous improvement, and commitment to excellence. We have invested in technology, developed strategic partnerships, and built a highly skilled technical team to meet the challenges of the global market.<\/p>\t\t\t\t\t\t\t\t<\/div>\n\t\t\t\t\t<\/div>\n\t\t\t\t<\/div>\n\t\t<div class=\"elementor-element elementor-element-8b10305 e-flex e-con-boxed e-con e-parent\" data-id=\"8b10305\" data-element_type=\"container\" data-settings=\"{&quot;background_background&quot;:&quot;classic&quot;}\">\n\t\t\t\t\t<div class=\"e-con-inner\">\n\t\t\t\t<div class=\"elementor-element elementor-element-bf39b3a animated-slow elementor-invisible elementor-widget elementor-widget-heading\" data-id=\"bf39b3a\" data-element_type=\"widget\" data-settings=\"{&quot;_animation&quot;:&quot;fadeIn&quot;}\" data-widget_type=\"heading.default\">\n\t\t\t\t\t<h2 class=\"elementor-heading-title elementor-size-default\">Our story is not just about fruit, it\u2019s about <br>effort, trust, and evolution.<\/h2>\t\t\t\t<\/div>\n\t\t\t\t<div class=\"elementor-element elementor-element-8f3df4b animated-slow elementor-invisible elementor-widget elementor-widget-heading\" data-id=\"8f3df4b\" data-element_type=\"widget\" data-settings=\"{&quot;_animation&quot;:&quot;fadeIn&quot;,&quot;_animation_delay&quot;:500}\" data-widget_type=\"heading.default\">\n\t\t\t\t\t<h3 class=\"elementor-heading-title elementor-size-default\">We continue growing alongside our clients, with our eyes on <br>the future and the values that have brought us this far.\"<\/h3>\t\t\t\t<\/div>\n\t\t\t\t\t<\/div>\n\t\t\t\t<\/div>\n\t\t<div class=\"elementor-element elementor-element-72f015c e-flex e-con-boxed e-con e-parent\" data-id=\"72f015c\" data-element_type=\"container\">\n\t\t\t\t\t<div class=\"e-con-inner\">\n\t\t\t\t<div class=\"elementor-element elementor-element-863f945 animated-slow elementor-invisible elementor-widget elementor-widget-heading\" data-id=\"863f945\" data-element_type=\"widget\" data-settings=\"{&quot;_animation&quot;:&quot;fadeInUp&quot;}\" data-widget_type=\"heading.default\">\n\t\t\t\t\t<h1 class=\"elementor-heading-title elementor-size-default\">Our Team<\/h1>\t\t\t\t<\/div>\n\t\t\t\t<div class=\"elementor-element elementor-element-d1f1890 elementor-invisible elementor-widget elementor-widget-heading\" data-id=\"d1f1890\" data-element_type=\"widget\" data-settings=\"{&quot;_animation&quot;:&quot;fadeInUp&quot;,&quot;_animation_delay&quot;:250}\" data-widget_type=\"heading.default\">\n\t\t\t\t\t<h2 class=\"elementor-heading-title elementor-size-default\">People who make quality possible in every drop.<\/h2>\t\t\t\t<\/div>\n\t\t\t\t<div class=\"elementor-element elementor-element-b8d0811 animated-slow elementor-invisible elementor-widget elementor-widget-text-editor\" data-id=\"b8d0811\" data-element_type=\"widget\" data-settings=\"{&quot;_animation&quot;:&quot;fadeIn&quot;,&quot;_animation_delay&quot;:500}\" data-widget_type=\"text-editor.default\">\n\t\t\t\t\t\t\t\t\t<p>Behind every liter of concentrated juice we export to the world, there is a committed, expert, and passionate team. At AJM, we believe our greatest asset is our people: professionals who combine technical knowledge, a service-oriented mindset, and a clear business vision.<\/p>\t\t\t\t\t\t\t\t<\/div>\n\t\t\t\t\t<\/div>\n\t\t\t\t<\/div>\n\t\t<div class=\"elementor-element elementor-element-35690e5 e-flex e-con-boxed e-con e-parent\" data-id=\"35690e5\" data-element_type=\"container\">\n\t\t\t\t\t<div class=\"e-con-inner\">\n\t\t<div class=\"elementor-element elementor-element-92817a6 e-con-full animated-slow e-flex elementor-invisible e-con e-child\" data-id=\"92817a6\" data-element_type=\"container\" data-settings=\"{&quot;animation&quot;:&quot;fadeIn&quot;,&quot;animation_delay&quot;:750}\">\n\t\t\t\t<div class=\"elementor-element elementor-element-f2b84e3 elementor-view-default elementor-position-block-start elementor-mobile-position-block-start elementor-widget elementor-widget-icon-box\" data-id=\"f2b84e3\" data-element_type=\"widget\" data-widget_type=\"icon-box.default\">\n\t\t\t\t\t\t\t<div class=\"elementor-icon-box-wrapper\">\n\n\t\t\t\t\t\t<div class=\"elementor-icon-box-icon\">\n\t\t\t\t<span  class=\"elementor-icon\">\n\t\t\t\t<i aria-hidden=\"true\" class=\"fas fa-brain\"><\/i>\t\t\t\t<\/span>\n\t\t\t<\/div>\n\t\t\t\n\t\t\t\t\t\t<div class=\"elementor-icon-box-content\">\n\n\t\t\t\t\t\t\t\t\t<h3 class=\"elementor-icon-box-title\">\n\t\t\t\t\t\t<span  >\n\t\t\t\t\t\t\tExperience that makes the difference\t\t\t\t\t\t<\/span>\n\t\t\t\t\t<\/h3>\n\t\t\t\t\n\t\t\t\t\n\t\t\t<\/div>\n\t\t\t\n\t\t<\/div>\n\t\t\t\t\t\t<\/div>\n\t\t\t\t<\/div>\n\t\t<div class=\"elementor-element elementor-element-bd65223 e-con-full e-flex e-con e-child\" data-id=\"bd65223\" data-element_type=\"container\">\n\t\t\t\t<div class=\"elementor-element elementor-element-da029f5 animated-slow elementor-view-default elementor-position-block-start elementor-mobile-position-block-start elementor-invisible elementor-widget elementor-widget-icon-box\" data-id=\"da029f5\" data-element_type=\"widget\" data-settings=\"{&quot;_animation&quot;:&quot;fadeIn&quot;,&quot;_animation_delay&quot;:850}\" data-widget_type=\"icon-box.default\">\n\t\t\t\t\t\t\t<div class=\"elementor-icon-box-wrapper\">\n\n\t\t\t\t\t\t<div class=\"elementor-icon-box-icon\">\n\t\t\t\t<span  class=\"elementor-icon\">\n\t\t\t\t<i aria-hidden=\"true\" class=\"far fa-handshake\"><\/i>\t\t\t\t<\/span>\n\t\t\t<\/div>\n\t\t\t\n\t\t\t\t\t\t<div class=\"elementor-icon-box-content\">\n\n\t\t\t\t\t\t\t\t\t<h3 class=\"elementor-icon-box-title\">\n\t\t\t\t\t\t<span  >\n\t\t\t\t\t\t\tCollaboration, trust, and commitment\t\t\t\t\t\t<\/span>\n\t\t\t\t\t<\/h3>\n\t\t\t\t\n\t\t\t\t\n\t\t\t<\/div>\n\t\t\t\n\t\t<\/div>\n\t\t\t\t\t\t<\/div>\n\t\t\t\t<\/div>\n\t\t<div class=\"elementor-element elementor-element-ac4a770 e-con-full e-flex e-con e-child\" data-id=\"ac4a770\" data-element_type=\"container\">\n\t\t\t\t<div class=\"elementor-element elementor-element-5f23569 animated-slow elementor-view-default elementor-position-block-start elementor-mobile-position-block-start elementor-invisible elementor-widget elementor-widget-icon-box\" data-id=\"5f23569\" data-element_type=\"widget\" data-settings=\"{&quot;_animation&quot;:&quot;fadeIn&quot;,&quot;_animation_delay&quot;:950}\" data-widget_type=\"icon-box.default\">\n\t\t\t\t\t\t\t<div class=\"elementor-icon-box-wrapper\">\n\n\t\t\t\t\t\t<div class=\"elementor-icon-box-icon\">\n\t\t\t\t<span  class=\"elementor-icon\">\n\t\t\t\t<i aria-hidden=\"true\" class=\"fas fa-globe-americas\"><\/i>\t\t\t\t<\/span>\n\t\t\t<\/div>\n\t\t\t\n\t\t\t\t\t\t<div class=\"elementor-icon-box-content\">\n\n\t\t\t\t\t\t\t\t\t<h3 class=\"elementor-icon-box-title\">\n\t\t\t\t\t\t<span  >\n\t\t\t\t\t\t\tGlobal spirit, personalized attention\t\t\t\t\t\t<\/span>\n\t\t\t\t\t<\/h3>\n\t\t\t\t\n\t\t\t\t\n\t\t\t<\/div>\n\t\t\t\n\t\t<\/div>\n\t\t\t\t\t\t<\/div>\n\t\t\t\t<\/div>\n\t\t\t\t\t<\/div>\n\t\t\t\t<\/div>\n\t\t<div class=\"elementor-element elementor-element-adf4360 e-con-full e-flex e-con e-parent\" data-id=\"adf4360\" data-element_type=\"container\" data-settings=\"{&quot;background_background&quot;:&quot;classic&quot;}\">\n\t\t<div class=\"elementor-element elementor-element-cfa0185 e-con-full e-flex e-con e-child\" data-id=\"cfa0185\" data-element_type=\"container\">\n\t\t\t\t<div class=\"elementor-element elementor-element-a2641d2 elementor-widget elementor-widget-heading\" data-id=\"a2641d2\" data-element_type=\"widget\" data-widget_type=\"heading.default\">\n\t\t\t\t\t<h2 class=\"elementor-heading-title elementor-size-default\">We are a team that transforms fruit into value, let\u2019s cultivate a future together.<\/h2>\t\t\t\t<\/div>\n\t\t\t\t<div class=\"elementor-element elementor-element-8672a7a elementor-align-center animated-slow elementor-invisible elementor-widget elementor-widget-button\" data-id=\"8672a7a\" data-element_type=\"widget\" data-settings=\"{&quot;_animation&quot;:&quot;fadeIn&quot;,&quot;_animation_delay&quot;:500}\" data-widget_type=\"button.default\">\n\t\t\t\t\t\t\t\t\t\t<a class=\"elementor-button elementor-button-link elementor-size-sm\" href=\"https:\/\/alljuicemed.com\/en\/trabaja-con-nosotros\/\">\n\t\t\t\t\t\t<span class=\"elementor-button-content-wrapper\">\n\t\t\t\t\t\t\t\t\t<span class=\"elementor-button-text\">Work with us<\/span>\n\t\t\t\t\t<\/span>\n\t\t\t\t\t<\/a>\n\t\t\t\t\t\t\t\t<\/div>\n\t\t\t\t<\/div>\n\t\t\t\t<\/div>\n\t\t<div class=\"elementor-element elementor-element-f658a38 elementor-hidden-desktop elementor-hidden-tablet elementor-hidden-mobile e-flex e-con-boxed e-con e-parent\" data-id=\"f658a38\" data-element_type=\"container\">\n\t\t\t\t\t<div class=\"e-con-inner\">\n\t\t\t\t<div class=\"elementor-element elementor-element-738b887 animated-slow elementor-invisible elementor-widget elementor-widget-heading\" data-id=\"738b887\" data-element_type=\"widget\" data-settings=\"{&quot;_animation&quot;:&quot;fadeInUp&quot;}\" data-widget_type=\"heading.default\">\n\t\t\t\t\t<h1 class=\"elementor-heading-title elementor-size-default\">Nuestras instalaciones<\/h1>\t\t\t\t<\/div>\n\t\t<div class=\"elementor-element elementor-element-69f430d e-con-full e-flex e-con e-child\" data-id=\"69f430d\" data-element_type=\"container\">\n\t\t<div class=\"elementor-element elementor-element-c40f6a6 e-con-full animated-slow e-flex elementor-invisible e-con e-child\" data-id=\"c40f6a6\" data-element_type=\"container\" data-settings=\"{&quot;animation&quot;:&quot;fadeIn&quot;,&quot;animation_delay&quot;:500}\">\n\t\t\t\t<div class=\"elementor-element elementor-element-1a74923 elementor-widget elementor-widget-image\" data-id=\"1a74923\" data-element_type=\"widget\" data-widget_type=\"image.default\">\n\t\t\t\t\t\t\t\t\t\t\t\t\t\t\t<img fetchpriority=\"high\" decoding=\"async\" width=\"401\" height=\"401\" src=\"https:\/\/alljuicemed.com\/wp-content\/uploads\/2025\/09\/Captura-de-pantalla-2025-09-18-133749.png\" class=\"attachment-large size-large wp-image-746\" alt=\"\" srcset=\"https:\/\/alljuicemed.com\/wp-content\/uploads\/2025\/09\/Captura-de-pantalla-2025-09-18-133749.png 401w, https:\/\/alljuicemed.com\/wp-content\/uploads\/2025\/09\/Captura-de-pantalla-2025-09-18-133749-300x300.png 300w, https:\/\/alljuicemed.com\/wp-content\/uploads\/2025\/09\/Captura-de-pantalla-2025-09-18-133749-150x150.png 150w\" sizes=\"(max-width: 401px) 100vw, 401px\" \/>\t\t\t\t\t\t\t\t\t\t\t\t\t\t\t<\/div>\n\t\t\t\t<div class=\"elementor-element elementor-element-02e2233 elementor-widget elementor-widget-heading\" data-id=\"02e2233\" data-element_type=\"widget\" data-widget_type=\"heading.default\">\n\t\t\t\t\t<h3 class=\"elementor-heading-title elementor-size-default\">Oficinas centrales<br>Albacete<\/h3>\t\t\t\t<\/div>\n\t\t\t\t<\/div>\n\t\t<div class=\"elementor-element elementor-element-ad76279 e-con-full e-flex e-con e-child\" data-id=\"ad76279\" data-element_type=\"container\">\n\t\t<div class=\"elementor-element elementor-element-93e2fba e-con-full e-flex e-con e-child\" data-id=\"93e2fba\" data-element_type=\"container\">\n\t\t\t\t<div class=\"elementor-element elementor-element-481e966 animated-slow elementor-invisible elementor-widget elementor-widget-image\" data-id=\"481e966\" data-element_type=\"widget\" data-settings=\"{&quot;_animation&quot;:&quot;fadeIn&quot;,&quot;_animation_delay&quot;:1000}\" data-widget_type=\"image.default\">\n\t\t\t\t\t\t\t\t\t\t\t\t\t\t\t<img fetchpriority=\"high\" decoding=\"async\" width=\"401\" height=\"401\" src=\"https:\/\/alljuicemed.com\/wp-content\/uploads\/2025\/09\/Captura-de-pantalla-2025-09-18-133749.png\" class=\"attachment-large size-large wp-image-746\" alt=\"\" srcset=\"https:\/\/alljuicemed.com\/wp-content\/uploads\/2025\/09\/Captura-de-pantalla-2025-09-18-133749.png 401w, https:\/\/alljuicemed.com\/wp-content\/uploads\/2025\/09\/Captura-de-pantalla-2025-09-18-133749-300x300.png 300w, https:\/\/alljuicemed.com\/wp-content\/uploads\/2025\/09\/Captura-de-pantalla-2025-09-18-133749-150x150.png 150w\" sizes=\"(max-width: 401px) 100vw, 401px\" \/>\t\t\t\t\t\t\t\t\t\t\t\t\t\t\t<\/div>\n\t\t\t\t<\/div>\n\t\t\t\t<div class=\"elementor-element elementor-element-0702718 elementor-widget elementor-widget-heading\" data-id=\"0702718\" data-element_type=\"widget\" data-widget_type=\"heading.default\">\n\t\t\t\t\t<h3 class=\"elementor-heading-title elementor-size-default\">Planta de producci\u00f3n<br>Albacece<\/h3>\t\t\t\t<\/div>\n\t\t\t\t<\/div>\n\t\t<div class=\"elementor-element elementor-element-1e9ca40 e-con-full animated-slow e-flex elementor-invisible e-con e-child\" data-id=\"1e9ca40\" data-element_type=\"container\" data-settings=\"{&quot;animation&quot;:&quot;fadeIn&quot;,&quot;animation_delay&quot;:1500}\">\n\t\t<div class=\"elementor-element elementor-element-794d6fd e-con-full e-flex e-con e-child\" data-id=\"794d6fd\" data-element_type=\"container\">\n\t\t\t\t<div class=\"elementor-element elementor-element-79078af elementor-widget elementor-widget-image\" data-id=\"79078af\" data-element_type=\"widget\" data-widget_type=\"image.default\">\n\t\t\t\t\t\t\t\t\t\t\t\t\t\t\t<img fetchpriority=\"high\" decoding=\"async\" width=\"401\" height=\"401\" src=\"https:\/\/alljuicemed.com\/wp-content\/uploads\/2025\/09\/Captura-de-pantalla-2025-09-18-133749.png\" class=\"attachment-large size-large wp-image-746\" alt=\"\" srcset=\"https:\/\/alljuicemed.com\/wp-content\/uploads\/2025\/09\/Captura-de-pantalla-2025-09-18-133749.png 401w, https:\/\/alljuicemed.com\/wp-content\/uploads\/2025\/09\/Captura-de-pantalla-2025-09-18-133749-300x300.png 300w, https:\/\/alljuicemed.com\/wp-content\/uploads\/2025\/09\/Captura-de-pantalla-2025-09-18-133749-150x150.png 150w\" sizes=\"(max-width: 401px) 100vw, 401px\" \/>\t\t\t\t\t\t\t\t\t\t\t\t\t\t\t<\/div>\n\t\t\t\t<\/div>\n\t\t\t\t<div class=\"elementor-element elementor-element-f297eb8 elementor-widget elementor-widget-heading\" data-id=\"f297eb8\" data-element_type=\"widget\" data-widget_type=\"heading.default\">\n\t\t\t\t\t<h3 class=\"elementor-heading-title elementor-size-default\">Planta de producci\u00f3n<br>Alicante<\/h3>\t\t\t\t<\/div>\n\t\t\t\t<\/div>\n\t\t\t\t<\/div>\n\t\t\t\t\t<\/div>\n\t\t\t\t<\/div>\n\t\t\t\t<\/div>","protected":false},"excerpt":{"rendered":"<p>Del campo al mundo una historia de crecimiento y sabor Cuidamos el entorno, cultivamos futuro. AJM naci\u00f3 con una idea clara: transformar lo mejor de nuestra tierra en productos naturales de calidad internacional. Lo que comenz\u00f3 como un proyecto local, hoy es una empresa consolidada que exporta zumos a m\u00e1s de 30 pa\u00edses y 200 [&hellip;]<\/p>","protected":false},"author":1,"featured_media":0,"parent":0,"menu_order":0,"comment_status":"closed","ping_status":"closed","template":"","meta":{"inline_featured_image":false,"_joinchat":[],"footnotes":""},"class_list":["post-70","page","type-page","status-publish","hentry"],"aioseo_notices":[],"_links":{"self":[{"href":"https:\/\/alljuicemed.com\/en\/wp-json\/wp\/v2\/pages\/70","targetHints":{"allow":["GET"]}}],"collection":[{"href":"https:\/\/alljuicemed.com\/en\/wp-json\/wp\/v2\/pages"}],"about":[{"href":"https:\/\/alljuicemed.com\/en\/wp-json\/wp\/v2\/types\/page"}],"author":[{"embeddable":true,"href":"https:\/\/alljuicemed.com\/en\/wp-json\/wp\/v2\/users\/1"}],"replies":[{"embeddable":true,"href":"https:\/\/alljuicemed.com\/en\/wp-json\/wp\/v2\/comments?post=70"}],"version-history":[{"count":334,"href":"https:\/\/alljuicemed.com\/en\/wp-json\/wp\/v2\/pages\/70\/revisions"}],"predecessor-version":[{"id":2542,"href":"https:\/\/alljuicemed.com\/en\/wp-json\/wp\/v2\/pages\/70\/revisions\/2542"}],"wp:attachment":[{"href":"https:\/\/alljuicemed.com\/en\/wp-json\/wp\/v2\/media?parent=70"}],"curies":[{"name":"wp","href":"https:\/\/api.w.org\/{rel}","templated":true}]}}